{"id":3725,"date":"2019-05-20T14:35:46","date_gmt":"2019-05-20T14:35:46","guid":{"rendered":"http:\/\/img.plugnplayschool.de\/?page_id=3725"},"modified":"2019-05-20T15:12:42","modified_gmt":"2019-05-20T15:12:42","slug":"datenschutzerklaerung","status":"publish","type":"page","link":"https:\/\/plugnplayschool.de\/?page_id=3725","title":{"rendered":"Datenschutzerkl\u00e4rung"},"content":{"rendered":"\n<p>Verantwortliche Stelle im Sinne der Datenschutzgesetze, insbesondere der EU-Datenschutzgrundverordnung (DSGVO), ist:<br><br>Plug`n Play &#8211; Der Instrumentalunterricht<br>Kipsdorfer Str.100, 01277 Dresden, Deutschland<br>E-Mail: info@plugnplayschool.de<br>Verantwortlicher: Konrad Flegel<br>Impressum: http:\/\/www.plugnplayschool.de\/impressum.html<br><br>Ihre Betroffenenrechte<br><br>Unter den angegebenen Kontaktdaten unseres Datenschutzbeauftragten k\u00f6nnen Sie jederzeit folgende Rechte aus\u00fcben:<br><br>Auskunft \u00fcber Ihre bei uns gespeicherten Daten und deren Verarbeitung,<br>Berichtigung unrichtiger personenbezogener Daten,<br>L\u00f6schung Ihrer bei uns gespeicherten Daten,<br>Einschr\u00e4nkung der Datenverarbeitung, sofern wir Ihre Daten aufgrund gesetzlicher Pflichten noch nicht l\u00f6schen d\u00fcrfen,<br>Widerspruch gegen die Verarbeitung Ihrer Daten bei uns und<br>Daten\u00fcbertragbarkeit, sofern Sie in die Datenverarbeitung eingewilligt haben oder einen Vertrag mit uns abgeschlossen haben.<br><br>Sofern Sie uns eine Einwilligung erteilt haben, k\u00f6nnen Sie diese jederzeit mit Wirkung f\u00fcr die Zukunft widerrufen.<br><br>Sie k\u00f6nnen sich jederzeit mit einer Beschwerde an die f\u00fcr Sie zust\u00e4ndige  Aufsichtsbeh\u00f6rde wenden. Ihre zust\u00e4ndige Aufsichtsbeh\u00f6rde richtet sich  nach dem Bundesland Ihres Wohnsitzes, Ihrer Arbeit oder der mutma\u00dflichen  Verletzung. Eine Liste der Aufsichtsbeh\u00f6rden (f\u00fcr den nicht\u00f6ffentlichen  Bereich) mit Anschrift finden Sie unter:  https:\/\/www.bfdi.bund.de\/DE\/Infothek\/Anschriften_Links\/anschriften_links-node.html.<br><br>Zwecke der Datenverarbeitung durch die verantwortliche Stelle und Dritte<br><br>Wir verarbeiten Ihre personenbezogenen Daten nur zu den in dieser  Datenschutzerkl\u00e4rung genannten Zwecken. Eine \u00dcbermittlung Ihrer  pers\u00f6nlichen Daten an Dritte zu anderen als den genannten Zwecken findet  nicht statt. Wir geben Ihre pers\u00f6nlichen Daten nur an Dritte weiter,  wenn:<br><br>Sie Ihre ausdr\u00fcckliche Einwilligung dazu erteilt haben,<br>die Verarbeitung zur Abwicklung eines Vertrags mit Ihnen erforderlich ist,<br>die Verarbeitung zur Erf\u00fcllung einer rechtlichen Verpflichtung erforderlich ist,<br><br>die Verarbeitung zur Wahrung berechtigter Interessen erforderlich ist  und kein Grund zur Annahme besteht, dass Sie ein \u00fcberwiegendes  schutzw\u00fcrdiges Interesse an der Nichtweitergabe Ihrer Daten haben.<br><br>L\u00f6schung bzw. Sperrung der Daten<br><br>Wir halten uns an die Grunds\u00e4tze der Datenvermeidung und  Datensparsamkeit. Wir speichern Ihre personenbezogenen Daten daher nur  so lange, wie dies zur Erreichung der hier genannten Zwecke erforderlich  ist oder wie es die vom Gesetzgeber vorgesehenen vielf\u00e4ltigen  Speicherfristen vorsehen. Nach Fortfall des jeweiligen Zweckes bzw.  Ablauf dieser Fristen werden die entsprechenden Daten routinem\u00e4\u00dfig und  entsprechend den gesetzlichen Vorschriften gesperrt oder gel\u00f6scht.<br><br>Erfassung allgemeiner Informationen beim Besuch unserer Website<br><br>Wenn Sie auf unsere Website zugreifen, werden automatisch mittels eines  Cookies Informationen allgemeiner Natur erfasst. Diese Informationen  (Server-Logfiles) beinhalten etwa die Art des Webbrowsers, das  verwendete Betriebssystem, den Domainnamen Ihres  Internet-Service-Providers und \u00e4hnliches. Hierbei handelt es sich  ausschlie\u00dflich um Informationen, welche keine R\u00fcckschl\u00fcsse auf Ihre  Person zulassen.<br><br>Diese Informationen sind technisch notwendig, um von Ihnen angeforderte  Inhalte von Webseiten korrekt auszuliefern und fallen bei Nutzung des  Internets zwingend an. Sie werden insbesondere zu folgenden Zwecken  verarbeitet:<br><br>Sicherstellung eines problemlosen Verbindungsaufbaus der Website,<br>Sicherstellung einer reibungslosen Nutzung unserer Website,<br>Auswertung der Systemsicherheit und -stabilit\u00e4t sowie<br>zu weiteren administrativen Zwecken.<br><\/p>\n\n\n\n<p> Die Verarbeitung Ihrer personenbezogenen Daten basiert auf unserem  berechtigten Interesse aus den vorgenannten Zwecken zur Datenerhebung.  Wir verwenden Ihre Daten nicht, um R\u00fcckschl\u00fcsse auf Ihre Person zu  ziehen. Empf\u00e4nger der Daten sind nur die verantwortliche Stelle und ggf.  Auftragsverarbeiter.<br><br> Anonyme Informationen dieser Art werden von uns ggfs. statistisch  ausgewertet, um unseren Internetauftritt und die dahinterstehende  Technik zu optimieren.<br><br> SSL-Verschl\u00fcsselung<br><br>Um die Sicherheit Ihrer Daten bei der \u00dcbertragung zu sch\u00fctzen, verwenden  wir dem aktuellen Stand der Technik entsprechende  Verschl\u00fcsselungsverfahren (z. B. SSL) \u00fcber HTTPS.<br><br>Kontaktformular<br><br>Treten Sie bzgl. Fragen jeglicher Art per E-Mail oder Kontaktformular  mit uns in Kontakt, erteilen Sie uns zum Zwecke der Kontaktaufnahme Ihre  freiwillige Einwilligung. Hierf\u00fcr ist die Angabe einer validen  E-Mail-Adresse erforderlich. Diese dient der Zuordnung der Anfrage und  der anschlie\u00dfenden Beantwortung derselben. F\u00fcr betriebliche Abl\u00e4ufe wie  Belieferung mit Waren oder Vor-Ort-Besuche zu Beratungen sind der Name  und die Anschift erforderlich. Die Angabe weiterer Daten ist optional.  Die von Ihnen gemachten Angaben werden zum Zwecke der Bearbeitung der  Anfrage sowie f\u00fcr m\u00f6gliche Anschlussfragen gespeichert. Nach Erledigung  der von Ihnen gestellten Anfrage werden personenbezogene Daten  automatisch gel\u00f6scht.<br><br>Verwendung von Scriptbibliotheken (Google Webfonts)<br><br>Um unsere Inhalte browser\u00fcbergreifend korrekt und grafisch ansprechend  darzustellen, verwenden wir auf dieser Website Scriptbibliotheken und  Schriftbibliotheken wie z. B. Google Webfonts  (https:\/\/www.google.com\/webfonts\/). Google Webfonts werden zur  Vermeidung mehrfachen Ladens in den Cache Ihres Browsers \u00fcbertragen.  Falls der Browser die Google Webfonts nicht unterst\u00fctzt oder den Zugriff  unterbindet, werden Inhalte in einer Standardschrift angezeigt.<br><br>Der Aufruf von Scriptbibliotheken oder Schriftbibliotheken l\u00f6st  automatisch eine Verbindung zum Betreiber der Bibliothek aus. Dabei ist  es theoretisch m\u00f6glich &#8211; aktuell allerdings auch unklar ob und ggf. zu  welchen Zwecken &#8211; dass Betreiber entsprechender Bibliotheken Daten  erheben.<br><br>Die Datenschutzrichtlinie des Bibliothekbetreibers Google finden Sie hier: https:\/\/www.google.com\/policies\/privacy\/<br><br>Verwendung von Google Maps<br><br>Diese Webseite verwendet Google Maps API, um geographische Informationen  visuell darzustellen. Bei der Nutzung von Google Maps werden von Google  auch Daten \u00fcber die Nutzung der Kartenfunktionen durch Besucher  erhoben, verarbeitet und genutzt. N\u00e4here Informationen \u00fcber die  Datenverarbeitung durch Google k\u00f6nnen Sie den  Google-Datenschutzhinweisen entnehmen. Dort k\u00f6nnen Sie im  Datenschutzcenter auch Ihre pers\u00f6nlichen Datenschutz-Einstellungen  ver\u00e4ndern.<br><br>Ausf\u00fchrliche Anleitungen zur Verwaltung der eigenen Daten im Zusammenhang mit Google-Produkten finden Sie hier.<br><br>\u00c4nderung unserer Datenschutzbestimmungen<br><br>Wir behalten uns vor, diese Datenschutzerkl\u00e4rung anzupassen, damit sie  stets den aktuellen rechtlichen Anforderungen entspricht oder um  \u00c4nderungen unserer Leistungen in der Datenschutzerkl\u00e4rung umzusetzen,  z.B. bei der Einf\u00fchrung neuer Services. F\u00fcr Ihren erneuten Besuch gilt  dann die neue Datenschutzerkl\u00e4rung.<br><br>Fragen an den Datenschutzbeauftragten<br><br>Wenn Sie Fragen zum Datenschutz haben, schreiben Sie uns bitte eine  E-Mail oder wenden Sie sich direkt an die f\u00fcr den Datenschutz  verantwortliche Person in unserer Organisation:<br><br>info@plugnplayschool.de<br><br>Die Datenschutzerkl\u00e4rung wurde mit dem Datenschutzerkl\u00e4rungs-Generator der activeMind AG erstellt. <\/p>\n","protected":false},"excerpt":{"rendered":"<p>Verantwortliche Stelle im Sinne der Datenschutzgesetze, insbesondere der EU-Datenschutzgrundverordnung (DSGVO), ist: Plug`n Play &#8211; Der InstrumentalunterrichtKipsdorfer Str.100, 01277 Dresden, DeutschlandE-Mail: info@plugnplayschool.deVerantwortlicher: Konrad FlegelImpressum: http:\/\/www.plugnplayschool.de\/impressum.html Ihre Betroffenenrechte Unter den angegebenen Kontaktdaten unseres Datenschutzbeauftragten k\u00f6nnen Sie jederzeit folgende Rechte aus\u00fcben: Auskunft \u00fcber Ihre bei uns gespeicherten Daten und deren Verarbeitung,Berichtigung unrichtiger personenbezogener Daten,L\u00f6schung Ihrer bei uns gespeicherten&hellip;<\/p>\n","protected":false},"author":1,"featured_media":0,"parent":0,"menu_order":0,"comment_status":"closed","ping_status":"closed","template":"","meta":{"footnotes":""},"class_list":["post-3725","page","type-page","status-publish","hentry","entry","no-media"],"_links":{"self":[{"href":"https:\/\/plugnplayschool.de\/index.php?rest_route=\/wp\/v2\/pages\/3725","targetHints":{"allow":["GET"]}}],"collection":[{"href":"https:\/\/plugnplayschool.de\/index.php?rest_route=\/wp\/v2\/pages"}],"about":[{"href":"https:\/\/plugnplayschool.de\/index.php?rest_route=\/wp\/v2\/types\/page"}],"author":[{"embeddable":true,"href":"https:\/\/plugnplayschool.de\/index.php?rest_route=\/wp\/v2\/users\/1"}],"replies":[{"embeddable":true,"href":"https:\/\/plugnplayschool.de\/index.php?rest_route=%2Fwp%2Fv2%2Fcomments&post=3725"}],"version-history":[{"count":1,"href":"https:\/\/plugnplayschool.de\/index.php?rest_route=\/wp\/v2\/pages\/3725\/revisions"}],"predecessor-version":[{"id":3728,"href":"https:\/\/plugnplayschool.de\/index.php?rest_route=\/wp\/v2\/pages\/3725\/revisions\/3728"}],"wp:attachment":[{"href":"https:\/\/plugnplayschool.de\/index.php?rest_route=%2Fwp%2Fv2%2Fmedia&parent=3725"}],"curies":[{"name":"wp","href":"https:\/\/api.w.org\/{rel}","templated":true}]}}