{"id":3406,"date":"2019-05-20T08:45:15","date_gmt":"2019-05-20T08:45:15","guid":{"rendered":"http:\/\/img.plugnplayschool.de\/?page_id=3406"},"modified":"2023-12-15T16:10:57","modified_gmt":"2023-12-15T16:10:57","slug":"landingpage","status":"publish","type":"page","link":"https:\/\/plugnplayschool.de\/","title":{"rendered":"Landingpage"},"content":{"rendered":"<h1><small>Hallo, wir sind<br \/>\n<\/small>Plug\u2019n Play \u2013 Der Instrumentalunterricht<\/h1>\n<p>Wir sind junge qualifizierte Musiker, die ihr Leben mit und durch Musik definieren, live unterwegs sind und produzieren. Wir unterrichten, weil wir unsere Leidenschaft teilen m\u00f6chten. In einem offenem Ambiente versuchen wir bestm\u00f6gliche Unterrichtsbedingungen zu erm\u00f6glichen. Wir m\u00f6chten unseren Sch\u00fclern neben dem Handwerk und musiktheoretischen Aspekten vor allem das Gesp\u00fcr f\u00fcr etwas Besonderes weitergeben, f\u00fcr Musik.<\/p>\n<p><strong>Dresdens andere Musikschule<\/strong><\/p>\n","protected":false},"excerpt":{"rendered":"<p>Hallo, wir sind Plug\u2019n Play \u2013 Der Instrumentalunterricht Wir sind junge qualifizierte Musiker, die ihr Leben mit und durch Musik definieren, live unterwegs sind und produzieren. Wir unterrichten, weil wir unsere Leidenschaft teilen m\u00f6chten. In einem offenem Ambiente versuchen wir bestm\u00f6gliche Unterrichtsbedingungen zu erm\u00f6glichen. Wir m\u00f6chten unseren Sch\u00fclern neben dem Handwerk und musiktheoretischen Aspekten vor&hellip;<\/p>\n","protected":false},"author":1,"featured_media":0,"parent":0,"menu_order":0,"comment_status":"open","ping_status":"open","template":"","meta":{"footnotes":""},"class_list":["post-3406","page","type-page","status-publish","hentry","entry","no-media"],"_links":{"self":[{"href":"https:\/\/plugnplayschool.de\/index.php?rest_route=\/wp\/v2\/pages\/3406","targetHints":{"allow":["GET"]}}],"collection":[{"href":"https:\/\/plugnplayschool.de\/index.php?rest_route=\/wp\/v2\/pages"}],"about":[{"href":"https:\/\/plugnplayschool.de\/index.php?rest_route=\/wp\/v2\/types\/page"}],"author":[{"embeddable":true,"href":"https:\/\/plugnplayschool.de\/index.php?rest_route=\/wp\/v2\/users\/1"}],"replies":[{"embeddable":true,"href":"https:\/\/plugnplayschool.de\/index.php?rest_route=%2Fwp%2Fv2%2Fcomments&post=3406"}],"version-history":[{"count":7,"href":"https:\/\/plugnplayschool.de\/index.php?rest_route=\/wp\/v2\/pages\/3406\/revisions"}],"predecessor-version":[{"id":3871,"href":"https:\/\/plugnplayschool.de\/index.php?rest_route=\/wp\/v2\/pages\/3406\/revisions\/3871"}],"wp:attachment":[{"href":"https:\/\/plugnplayschool.de\/index.php?rest_route=%2Fwp%2Fv2%2Fmedia&parent=3406"}],"curies":[{"name":"wp","href":"https:\/\/api.w.org\/{rel}","templated":true}]}}