{"id":3392,"date":"2015-01-06T10:53:31","date_gmt":"2015-01-06T10:53:31","guid":{"rendered":"http:\/\/img.plugnplayschool.de\/?page_id=3392"},"modified":"2023-01-18T15:56:11","modified_gmt":"2023-01-18T15:56:11","slug":"standort","status":"publish","type":"page","link":"http:\/\/plugnplayschool.de\/?page_id=3392","title":{"rendered":"Standorte"},"content":{"rendered":"<div class=\"wpb-content-wrapper\">[vc_row][vc_column width=&#8220;1\/2&#8243;][vc_column_text]<strong><big><span style=\"font-size: 16px;\">Erfurter Stra\u00dfe 15, in 01127 Dresden<\/span><br \/>\n<\/big><\/strong><br \/>\nHier entsteht unser neuer Standort in Pieschen! Neben den regul\u00e4ren Unterrichtsr\u00e4umen enstehen Workshop- und Prober\u00e4ume.<\/p>\n<p>Optimale Erreichbarkeit<\/p>\n<p>Parkm\u00f6glichkeiten befinden sich direkt vor dem Haus.<br \/>\nIhr k\u00f6nnt uns aber auch mit Bus und Stra\u00dfenbahn folgender Linien erreichen:<\/p>\n<p>3 \/ 4 \/ 6 \/ 7 \/ 8 \/ 9 \/ 11 Gro\u00dfenhainer Platz<\/p>\n<p>4 \/ 9 Alexander-Puschkin-Platz<\/p>\n<p>&nbsp;[\/vc_column_text][vc_gmaps link=&#8220;#E-8_JTNDaWZyYW1lJTIwc3JjJTNEJTIyaHR0cHMlM0ElMkYlMkZ3d3cuZ29vZ2xlLmNvbSUyRm1hcHMlMkZlbWJlZCUzRnBiJTNEJTIxMW0xNCUyMTFtOCUyMTFtMyUyMTFkMTAwMjcuOTU0NDIxMzM0NjU2JTIxMmQxMy43MjMyMzE5JTIxM2Q1MS4wNzE3NjA0JTIxM20yJTIxMWkxMDI0JTIxMmk3NjglMjE0ZjEzLjElMjEzbTMlMjExbTIlMjExczB4MCUyNTNBMHg4ZmU1ZTRiYjExZTUyYWM2JTIxMnNQbHVnJTI1NjBuJTJCUGxheSUyQi0lMkJEZXIlMkJJbnN0cnVtZW50YWx1bnRlcnJpY2h0JTJCJTI1MkYlMkJEcmVzZGVucyUyQmFuZGVyZSUyQk11c2lrc2NodWxlJTJCJTI1MkYlMkJQaWVzY2hlbiUyMTVlMCUyMTNtMiUyMTFzZGUlMjEyc2RlJTIxNHYxNTU4MTIzNjQ3NTkyJTIxNW0yJTIxMXNkZSUyMTJzZGUlMjIlMjB3aWR0aCUzRCUyMjYwMCUyMiUyMGhlaWdodCUzRCUyMjQ1MCUyMiUyMGZyYW1lYm9yZGVyJTNEJTIyMCUyMiUyMHN0eWxlJTNEJTIyYm9yZGVyJTNBMCUyMiUyMGFsbG93ZnVsbHNjcmVlbiUzRSUzQyUyRmlmcmFtZSUzRQ==&#8220;][\/vc_column][vc_column width=&#8220;1\/2&#8243;][vc_column_text]<strong><big><span style=\"font-size: 16px;\">Kipsdorfer Stra\u00dfe 100, in 01277 Dresden<\/span><br \/>\n<\/big><\/strong><br \/>\nNeben Unterrichts- und Prober\u00e4umen wartet eine gro\u00dfer Sitzbereich zum Pause machen und Kennenlernen anderer Musiker!<\/p>\n<p>Optimale Erreichbarkeit<\/p>\n<p>Parkm\u00f6glichkeiten befinden sich direkt vor dem Haus.<br \/>\nIhr k\u00f6nnt uns aber auch mit Bus und Stra\u00dfenbahn folgender Linien erreichen:<\/p>\n<p>1 \/ 10 \/ 4 \/ 85 \/ 86 Altenberger Stra\u00dfe<\/p>\n<p><a href=\"http:\/\/www.plugnplayschool.de\">http:\/\/www.plugnplayschool.de<\/a><\/p>\n<p>&nbsp;[\/vc_column_text][vc_gmaps link=&#8220;#E-8_JTNDaWZyYW1lJTIwc3JjJTNEJTIyaHR0cHMlM0ElMkYlMkZ3d3cuZ29vZ2xlLmNvbSUyRm1hcHMlMkZlbWJlZCUzRnBiJTNEJTIxMW0xOCUyMTFtMTIlMjExbTMlMjExZDIwMDY1LjkwNTk1OTA5ODM3OCUyMTJkMTMuNzg3OTI1NDUlMjEzZDUxLjA0ODY4ODU0OTk5OTk5NCUyMTJtMyUyMTFmMCUyMTJmMCUyMTNmMCUyMTNtMiUyMTFpMTAyNCUyMTJpNzY4JTIxNGYxMy4xJTIxM20zJTIxMW0yJTIxMXMweDAwMDAwMDAwMDAwMDAwMDAlMjUzQTB4MDJkMjBjYTgyYTU4Yzg0YSUyMTJzUGx1ZyUyNTYwbiUyQlBsYXklMkItJTJCRGVyJTJCSW5zdHJ1bWVudGFsdW50ZXJyaWNodCUyQiUyNTJGJTJCRHJlc2RlbnMlMkJhbmRlcmUlMkJNdXNpa3NjaHVsZSUyMTVlMCUyMTNtMiUyMTFzZW4lMjEyc2RlJTIxNHYxNDIwNTQxNTI5OTQxJTIyJTIwd2lkdGglM0QlMjI2MDAlMjIlMjBoZWlnaHQlM0QlMjI0NTAlMjIlMjBmcmFtZWJvcmRlciUzRCUyMjAlMjIlMjBzdHlsZSUzRCUyMmJvcmRlciUzQTAlMjIlM0UlM0MlMkZpZnJhbWUlM0U=&#8220;][\/vc_column][\/vc_row][vc_row][vc_column][vc_column_text]<span style=\"font-size: 16px;\"><strong>Bautzner Landstra\u00dfe 12 (HH), in 01324 Dresden<\/strong><\/span><\/p>\n<p>Klavier \/ E &#8211; und A Gitarre \/ Querfl\u00f6te \/Saxophon und Geige!<\/p>\n<p>Optimale Erreichbarkeit<\/p>\n<p>Ihr k\u00f6nnt uns aber auch mit Bus und Stra\u00dfenbahn folgender Linien erreichen:<\/p>\n<p>Linie 11 \/ Haltestelle Plattleite<\/p>\n<p>&nbsp;[\/vc_column_text][vc_gmaps link=&#8220;#E-8_JTNDaWZyYW1lJTIwc3JjJTNEJTIyaHR0cHMlM0ElMkYlMkZ3d3cuZ29vZ2xlLmNvbSUyRm1hcHMlMkZlbWJlZCUzRnBiJTNEJTIxMW0xOCUyMTFtMTIlMjExbTMlMjExZDQ0My4yNjIzMDUzODc3MjYzJTIxMmQxMy44MjI2NDg2MzgyMTcxNjIlMjEzZDUxLjA2Mjg2ODY2OTY0NTM1NCUyMTJtMyUyMTFmMCUyMTJmMCUyMTNmMCUyMTNtMiUyMTFpMTAyNCUyMTJpNzY4JTIxNGYxMy4xJTIxM20zJTIxMW0yJTIxMXMweDQ3MDljOTA5YjIyMDRiOGYlMjUzQTB4ZjhhOTYwMDg1OGJmNjMxOSUyMTJzUGx1ZyUyNTYwbiUyNTIwUGxheSUyNTIwLSUyNTIwRGVyJTI1MjBJbnN0cnVtZW50YWx1bnRlcnJpY2h0JTI1MjAlMjUyRiUyNTIwRHJlc2RlbnMlMjUyMGFuZGVyZSUyNTIwTXVzaWtzY2h1bGUlMjUyMCUyNTJGJTI1MjBXZWklMjVDMyUyNTlGZXIlMjUyMEhpcnNjaCUyMTVlMCUyMTNtMiUyMTFzZGUlMjEyc2RlJTIxNHYxNTc2NTEyMTQ1MzU4JTIxNW0yJTIxMXNkZSUyMTJzZGUlMjIlMjB3aWR0aCUzRCUyMjYwMCUyMiUyMGhlaWdodCUzRCUyMjQ1MCUyMiUyMGZyYW1lYm9yZGVyJTNEJTIyMCUyMiUyMHN0eWxlJTNEJTIyYm9yZGVyJTNBMCUzQiUyMiUyMGFsbG93ZnVsbHNjcmVlbiUzRCUyMiUyMiUzRSUzQyUyRmlmcmFtZSUzRQ==&#8220;][\/vc_column][\/vc_row][vc_row][vc_column][vc_facebook type=&#8220;button_count&#8220; css_animation=&#8220;bounceInLeft&#8220;][\/vc_column][\/vc_row]\n<\/div>","protected":false},"excerpt":{"rendered":"<p>[vc_row][vc_column width=&#8220;1\/2&#8243;][vc_column_text]Erfurter Stra\u00dfe 15, in 01127 Dresden Hier entsteht unser neuer Standort in Pieschen! Neben den regul\u00e4ren Unterrichtsr\u00e4umen enstehen Workshop- und Prober\u00e4ume. Optimale Erreichbarkeit Parkm\u00f6glichkeiten befinden sich direkt vor dem Haus. Ihr k\u00f6nnt uns aber auch mit Bus und Stra\u00dfenbahn folgender Linien erreichen: 3 \/ 4 \/ 6 \/ 7 \/ 8 \/ 9 \/&hellip;<\/p>\n","protected":false},"author":1,"featured_media":0,"parent":0,"menu_order":0,"comment_status":"closed","ping_status":"closed","template":"","meta":{"footnotes":""},"class_list":["post-3392","page","type-page","status-publish","hentry","entry","no-media"],"_links":{"self":[{"href":"http:\/\/plugnplayschool.de\/index.php?rest_route=\/wp\/v2\/pages\/3392","targetHints":{"allow":["GET"]}}],"collection":[{"href":"http:\/\/plugnplayschool.de\/index.php?rest_route=\/wp\/v2\/pages"}],"about":[{"href":"http:\/\/plugnplayschool.de\/index.php?rest_route=\/wp\/v2\/types\/page"}],"author":[{"embeddable":true,"href":"http:\/\/plugnplayschool.de\/index.php?rest_route=\/wp\/v2\/users\/1"}],"replies":[{"embeddable":true,"href":"http:\/\/plugnplayschool.de\/index.php?rest_route=%2Fwp%2Fv2%2Fcomments&post=3392"}],"version-history":[{"count":25,"href":"http:\/\/plugnplayschool.de\/index.php?rest_route=\/wp\/v2\/pages\/3392\/revisions"}],"predecessor-version":[{"id":3880,"href":"http:\/\/plugnplayschool.de\/index.php?rest_route=\/wp\/v2\/pages\/3392\/revisions\/3880"}],"wp:attachment":[{"href":"http:\/\/plugnplayschool.de\/index.php?rest_route=%2Fwp%2Fv2%2Fmedia&parent=3392"}],"curies":[{"name":"wp","href":"https:\/\/api.w.org\/{rel}","templated":true}]}}