{"id":3389,"date":"2015-01-06T10:44:27","date_gmt":"2015-01-06T10:44:27","guid":{"rendered":"http:\/\/img.plugnplayschool.de\/?page_id=3389"},"modified":"2026-01-19T16:23:21","modified_gmt":"2026-01-19T16:23:21","slug":"konditionen","status":"publish","type":"page","link":"http:\/\/plugnplayschool.de\/?page_id=3389","title":{"rendered":"Konditionen"},"content":{"rendered":"<div class=\"wpb-content-wrapper\">[vc_row][vc_column][vc_column_text]<span style=\"font-size: 21px;\"><strong>Hier findet ihr unsere vertraglichen Konditionen. <\/strong><\/span><span style=\"font-size: 18px;\">\u00a0<\/span><\/p>\n<table style=\"height: 669px;\" border=\"0\" width=\"1200\" cellspacing=\"10px\" cellpadding=\"0px\" align=\"center\">\n<tbody>\n<tr>\n<td class=\"link\" valign=\"top\" width=\"230px\">Preise<\/td>\n<td class=\"tabelle\" valign=\"top\">Die Preise sind als ganzj\u00e4hriger Monatsbeitrag zu verstehen. Der Unterricht wird w\u00f6chentlich, au\u00dfer an gesetzlichen Feiertagen und den Schulferien des Landes Sachsen, erteilt.<\/td>\n<\/tr>\n<tr>\n<td class=\"link\" valign=\"top\" width=\"230px\">Einzelunterricht<\/td>\n<td class=\"tabelle\" valign=\"top\">30 Minuten 84 EUR monatlich<br \/>45 Minuten 108 EUR monatlich<br \/>60 Minuten 132 EUR monatlich<\/td>\n<\/tr>\n<tr>\n<td class=\"link\" valign=\"top\" width=\"230px\">Gruppenunterricht<\/td>\n<td class=\"tabelle\" valign=\"top\">\n<p>30 Minuten 66 EUR monatlich<br \/>45 Minuten 84 EUR monatlich<br \/>60 Minuten 102 EUR monatlich<\/p>\n<p>Auf ein Zweitfach und auf Geschwister gibt es einen Rabatt von 10%.<\/p>\n<\/td>\n<\/tr>\n<tr>\n<td class=\"link\" valign=\"top\" width=\"230px\">Zahlung<\/td>\n<td class=\"tabelle\" valign=\"top\">\n<p>Die Unterrichtsgeb\u00fchr ist per \u00dcberweisung oder Bankeinzug auf folgendes Konto zu entrichten: Osts\u00e4chsische Sparkasse Dresden<br \/>Ko-Nr 3100264524\u00a0 BLZ 85050300 IBAN: DE60850503003100264524<br \/>BIC: OSDDDE81XXX<\/p>\n<\/td>\n<\/tr>\n<tr>\n<td class=\"link\" valign=\"top\" width=\"230px\">\u00a0<\/td>\n<td class=\"tabelle\" valign=\"top\">BEISPIEL: F\u00fcr w\u00f6chentlich erteilten Einzelunterricht, zu je 30 min, sind pro Monat 84.- EUR zu zahlen.<\/td>\n<\/tr>\n<tr>\n<td class=\"link\" valign=\"top\" width=\"230px\">\u00a0<\/td>\n<td class=\"tabelle\" valign=\"top\">Die genannten Preise gelten f\u00fcr alle Standorte.<\/td>\n<\/tr>\n<\/tbody>\n<\/table>\n\n\n<p><strong><span style=\"font-size: 21px;\">Vertragliche Unterrichtsbedingungen<\/span><br><\/strong><\/p>\n\n\n\n<table class=\"wp-block-table\" style=\"height: 500px;\" width=\"1200\">\r\n<tbody>\r\n<tr>\r\n<td>1.)<\/td>\r\n<td>Unterrichtsort ist die Erfurter Str.15 \/ Kipsdorfer Str. 100 \/ Bautzner Landstr.12, in den R\u00e4umen von Plug `n Play.<\/td>\r\n<\/tr>\r\n<tr>\r\n<td>2.)<\/td>\r\n<td>Die Dauer des Unterrichts richtet sich nach den vereinbarten Zeiten (30, 45<br \/>oder 60 min pro Unterrichtseinheit). W\u00e4hrend der Schulferien des Landes<br \/>Sachsen, sowie an gesetzlichen Feiertagen findet kein Unterricht statt.<\/td>\r\n<\/tr>\r\n<tr>\r\n<td>3.)<\/td>\r\n<td>Soweit der Sch\u00fcler den Unterricht vers\u00e4umt oder innerhalb 24 Stunden vor<br \/>Beginn des Unterrichts absagt, besteht kein Anspruch auf Erstattung bzw.<br \/>Nachholung des Unterrichts, anderen Falls wird der Unterricht<br \/>nachgeholt.<\/td>\r\n<\/tr>\r\n<tr>\r\n<td>4.)<\/td>\r\n<td>Der durch etwaige Verhinderung des Lehrers ausgefallene Unterricht, wird nach Vereinbarung nachgeholt.<\/td>\r\n<\/tr>\r\n<tr>\r\n<td>5.)<\/td>\r\n<td>Die Unterrichtsgeb\u00fchr wird in ganzj\u00e4hrigen Monatsbetr\u00e4gen, bis zum<br \/>f\u00fcnfzehnten des jeweiligen Monats, per Bankeinzug oder \u00dcberweisung auf<br \/>folgendes Bankkonto : Osts\u00e4chsische Sparkasse Dresden, Kto-N 3100264524 \/<br \/>BLZ 85050300 bzw.<br \/>IBAN: DE60850503003100264524 BIC: OSDDDE81XXX gezahlt.<br \/>Pro Kalenderjahr ergeben sich 12 Monatsraten und 36 Unterrichtseinheiten.<\/td>\r\n<\/tr>\r\n<tr>\r\n<td>6.)<\/td>\r\n<td>Der Vertrag ist auf unbestimmte Zeit abgeschlossen und kann schriftlich,<br \/>mit einer K\u00fcndigungsfrist von 4 Wochen, zum Monatsende, aufgel\u00f6st<br \/>werden.<\/td>\r\n<\/tr>\r\n<tr>\r\n<td>7.)<\/td>\r\n<td>\u00c4nderungen des Vertrages bed\u00fcrfen der Schriftform.<\/td>\r\n<\/tr>\r\n<\/tbody>\r\n<\/table>\n\n\n<p><strong>Urlaub \/ Ferien<\/strong><\/p>\n<p>Wir r\u00e4umen Arbeitst\u00e4tigen die M\u00f6glichkeit ein, ihren<br \/>Unterrichtsplan zu verschieben. D.h. je nach Zeitkontingent des Lehrers,<br \/>muss Urlaub nicht zwangsl\u00e4ufig in den Ferien geplant werden. Wichtig<br \/>ist nur, dass alle Sch\u00fcler auf die selben Unterrichtsstunden kommen.Wann<br \/>diese genommen werden, h\u00e4ngt von den M\u00f6glichkeiten des Einzelnen und<br \/>des Lehrers ab.<\/p>\n<p>\u00a0<\/p>\n<p><strong><span style=\"font-size: 21px;\">Unabh\u00e4ngig davon, haben wir auch Geschenkgutscheine und Unterricht in Form von\u00a0 Prepaid Karten. <\/span><\/strong><strong><span style=\"font-size: 21px;\">Hier die Preise:<\/span><\/strong><\/p>\n<table border=\"0\" width=\"640px\" cellspacing=\"10px\" cellpadding=\"0px\" align=\"center\">\n<tbody>\n<tr>\n<td class=\"tabelle\" valign=\"top\">\u00a0<\/td>\n<td class=\"tabelle\" valign=\"top\">30 Minuten<\/td>\n<td class=\"tabelle\" valign=\"top\">45 Minuten<\/td>\n<td class=\"tabelle\" valign=\"top\">60 Minuten<\/td>\n<\/tr>\n<tr>\n<td class=\"tabelle\" valign=\"top\">4er<\/td>\n<td class=\"tabelle\" valign=\"top\">102 .-<\/td>\n<td class=\"tabelle\" valign=\"top\">138.-<\/td>\n<td class=\"tabelle\" valign=\"top\">175.-<\/td>\n<\/tr>\n<tr>\n<td class=\"tabelle\" valign=\"top\">5er<\/td>\n<td class=\"tabelle\" valign=\"top\">126.-<\/td>\n<td class=\"tabelle\" valign=\"top\">175.-<\/td>\n<td class=\"tabelle\" valign=\"top\">216.-<\/td>\n<\/tr>\n<tr>\n<td class=\"tabelle\" valign=\"top\">10er<\/td>\n<td class=\"tabelle\" valign=\"top\">252.-<\/td>\n<td class=\"tabelle\" valign=\"top\">342.-<\/td>\n<td class=\"tabelle\" valign=\"top\">432.-<\/td>\n<\/tr>\n<\/tbody>\n<\/table>\n\n\n<p><\/p>\n\n\n\n<p><p>&nbsp;<\/p>\n<p>\n\n<\/p>\n<p><\/p>\n[\/vc_column_text][\/vc_column][\/vc_row][vc_row][vc_column][vc_column_text]\n<p>Ferienkalender 2025 als PDF <div class=\"\"><a href=\"http:\/\/plugnplayschool.de\/wp-content\/uploads\/2025\/01\/Kalender-2025.pdf\" target=\"_self\" class=\"emd_dl_red_darker\">Download Now<\/a><\/div>    <style>            \r\n    .emd_dl_red_darker {\r\n        -moz-box-shadow:inset 0px 1px 0px 0px #f5978e;\r\n        -webkit-box-shadow:inset 0px 1px 0px 0px #f5978e;\r\n        box-shadow:inset 0px 1px 0px 0px #f5978e;\r\n        background:-webkit-gradient( linear, left top, left bottom, color-stop(0.05, #f24537), color-stop(1, #c62d1f) );\r\n        background:-moz-linear-gradient( center top, #f24537 5%, #c62d1f 100% );\r\n        filter:progid:DXImageTransform.Microsoft.gradient(startColorstr='#f24537', endColorstr='#c62d1f');\r\n        background-color:#f24537;\r\n        -webkit-border-top-left-radius:0px;\r\n        -moz-border-radius-topleft:0px;\r\n        border-top-left-radius:0px;\r\n        -webkit-border-top-right-radius:0px;\r\n        -moz-border-radius-topright:0px;\r\n        border-top-right-radius:0px;\r\n        -webkit-border-bottom-right-radius:0px;\r\n        -moz-border-radius-bottomright:0px;\r\n        border-bottom-right-radius:0px;\r\n        -webkit-border-bottom-left-radius:0px;\r\n        -moz-border-radius-bottomleft:0px;\r\n        border-bottom-left-radius:0px;\r\n        text-indent:0;\r\n        border:1px solid #d02718;\r\n        display:inline-block;\r\n        color:#ffffff !important;\r\n        font-family:Georgia;\r\n        font-size:15px;\r\n        font-weight:bold;\r\n        font-style:normal;\r\n        height:41px;\r\n        line-height:41px;\r\n        width:153px;\r\n        text-decoration:none;\r\n        text-align:center;\r\n        text-shadow:1px 1px 0px #810e05;\r\n    }\r\n    .emd_dl_red_darker:hover {\r\n        background:-webkit-gradient( linear, left top, left bottom, color-stop(0.05, #c62d1f), color-stop(1, #f24537) );\r\n        background:-moz-linear-gradient( center top, #c62d1f 5%, #f24537 100% );\r\n        filter:progid:DXImageTransform.Microsoft.gradient(startColorstr='#c62d1f', endColorstr='#f24537');\r\n        background-color:#c62d1f;\r\n    }.emd_dl_red_darker:active {\r\n        position:relative;\r\n        top:1px;\r\n    }<\/style>\n<p>Ferienkalender 2025 als iCal <div class=\"\"><a href=\"http:\/\/plugnplayschool.de\/wp-content\/uploads\/2025\/01\/ferien_sachsen_2025.ics\" target=\"_self\" class=\"emd_dl_red_darker\">Download Now<\/a><\/div>    <style>            \r\n    .emd_dl_red_darker {\r\n        -moz-box-shadow:inset 0px 1px 0px 0px #f5978e;\r\n        -webkit-box-shadow:inset 0px 1px 0px 0px #f5978e;\r\n        box-shadow:inset 0px 1px 0px 0px #f5978e;\r\n        background:-webkit-gradient( linear, left top, left bottom, color-stop(0.05, #f24537), color-stop(1, #c62d1f) );\r\n        background:-moz-linear-gradient( center top, #f24537 5%, #c62d1f 100% );\r\n        filter:progid:DXImageTransform.Microsoft.gradient(startColorstr='#f24537', endColorstr='#c62d1f');\r\n        background-color:#f24537;\r\n        -webkit-border-top-left-radius:0px;\r\n        -moz-border-radius-topleft:0px;\r\n        border-top-left-radius:0px;\r\n        -webkit-border-top-right-radius:0px;\r\n        -moz-border-radius-topright:0px;\r\n        border-top-right-radius:0px;\r\n        -webkit-border-bottom-right-radius:0px;\r\n        -moz-border-radius-bottomright:0px;\r\n        border-bottom-right-radius:0px;\r\n        -webkit-border-bottom-left-radius:0px;\r\n        -moz-border-radius-bottomleft:0px;\r\n        border-bottom-left-radius:0px;\r\n        text-indent:0;\r\n        border:1px solid #d02718;\r\n        display:inline-block;\r\n        color:#ffffff !important;\r\n        font-family:Georgia;\r\n        font-size:15px;\r\n        font-weight:bold;\r\n        font-style:normal;\r\n        height:41px;\r\n        line-height:41px;\r\n        width:153px;\r\n        text-decoration:none;\r\n        text-align:center;\r\n        text-shadow:1px 1px 0px #810e05;\r\n    }\r\n    .emd_dl_red_darker:hover {\r\n        background:-webkit-gradient( linear, left top, left bottom, color-stop(0.05, #c62d1f), color-stop(1, #f24537) );\r\n        background:-moz-linear-gradient( center top, #c62d1f 5%, #f24537 100% );\r\n        filter:progid:DXImageTransform.Microsoft.gradient(startColorstr='#c62d1f', endColorstr='#f24537');\r\n        background-color:#c62d1f;\r\n    }.emd_dl_red_darker:active {\r\n        position:relative;\r\n        top:1px;\r\n    }<\/style>\n<p>Ferienkalender 2026 als PDF <div class=\"\"><a href=\"http:\/\/plugnplayschool.de\/wp-content\/uploads\/2025\/01\/Kalender-2026.pdf\" target=\"_self\" class=\"emd_dl_red_darker\">Download Now<\/a><\/div>    <style>            \r\n    .emd_dl_red_darker {\r\n        -moz-box-shadow:inset 0px 1px 0px 0px #f5978e;\r\n        -webkit-box-shadow:inset 0px 1px 0px 0px #f5978e;\r\n        box-shadow:inset 0px 1px 0px 0px #f5978e;\r\n        background:-webkit-gradient( linear, left top, left bottom, color-stop(0.05, #f24537), color-stop(1, #c62d1f) );\r\n        background:-moz-linear-gradient( center top, #f24537 5%, #c62d1f 100% );\r\n        filter:progid:DXImageTransform.Microsoft.gradient(startColorstr='#f24537', endColorstr='#c62d1f');\r\n        background-color:#f24537;\r\n        -webkit-border-top-left-radius:0px;\r\n        -moz-border-radius-topleft:0px;\r\n        border-top-left-radius:0px;\r\n        -webkit-border-top-right-radius:0px;\r\n        -moz-border-radius-topright:0px;\r\n        border-top-right-radius:0px;\r\n        -webkit-border-bottom-right-radius:0px;\r\n        -moz-border-radius-bottomright:0px;\r\n        border-bottom-right-radius:0px;\r\n        -webkit-border-bottom-left-radius:0px;\r\n        -moz-border-radius-bottomleft:0px;\r\n        border-bottom-left-radius:0px;\r\n        text-indent:0;\r\n        border:1px solid #d02718;\r\n        display:inline-block;\r\n        color:#ffffff !important;\r\n        font-family:Georgia;\r\n        font-size:15px;\r\n        font-weight:bold;\r\n        font-style:normal;\r\n        height:41px;\r\n        line-height:41px;\r\n        width:153px;\r\n        text-decoration:none;\r\n        text-align:center;\r\n        text-shadow:1px 1px 0px #810e05;\r\n    }\r\n    .emd_dl_red_darker:hover {\r\n        background:-webkit-gradient( linear, left top, left bottom, color-stop(0.05, #c62d1f), color-stop(1, #f24537) );\r\n        background:-moz-linear-gradient( center top, #c62d1f 5%, #f24537 100% );\r\n        filter:progid:DXImageTransform.Microsoft.gradient(startColorstr='#c62d1f', endColorstr='#f24537');\r\n        background-color:#c62d1f;\r\n    }.emd_dl_red_darker:active {\r\n        position:relative;\r\n        top:1px;\r\n    }<\/style>\n<p>Ferienkalender 2026 als iCal <div class=\"\"><a href=\"http:\/\/plugnplayschool.de\/wp-content\/uploads\/2025\/01\/ferien_sachsen_2026.ics\" target=\"_self\" class=\"emd_dl_red_darker\">Download Now<\/a><\/div>    <style>            \r\n    .emd_dl_red_darker {\r\n        -moz-box-shadow:inset 0px 1px 0px 0px #f5978e;\r\n        -webkit-box-shadow:inset 0px 1px 0px 0px #f5978e;\r\n        box-shadow:inset 0px 1px 0px 0px #f5978e;\r\n        background:-webkit-gradient( linear, left top, left bottom, color-stop(0.05, #f24537), color-stop(1, #c62d1f) );\r\n        background:-moz-linear-gradient( center top, #f24537 5%, #c62d1f 100% );\r\n        filter:progid:DXImageTransform.Microsoft.gradient(startColorstr='#f24537', endColorstr='#c62d1f');\r\n        background-color:#f24537;\r\n        -webkit-border-top-left-radius:0px;\r\n        -moz-border-radius-topleft:0px;\r\n        border-top-left-radius:0px;\r\n        -webkit-border-top-right-radius:0px;\r\n        -moz-border-radius-topright:0px;\r\n        border-top-right-radius:0px;\r\n        -webkit-border-bottom-right-radius:0px;\r\n        -moz-border-radius-bottomright:0px;\r\n        border-bottom-right-radius:0px;\r\n        -webkit-border-bottom-left-radius:0px;\r\n        -moz-border-radius-bottomleft:0px;\r\n        border-bottom-left-radius:0px;\r\n        text-indent:0;\r\n        border:1px solid #d02718;\r\n        display:inline-block;\r\n        color:#ffffff !important;\r\n        font-family:Georgia;\r\n        font-size:15px;\r\n        font-weight:bold;\r\n        font-style:normal;\r\n        height:41px;\r\n        line-height:41px;\r\n        width:153px;\r\n        text-decoration:none;\r\n        text-align:center;\r\n        text-shadow:1px 1px 0px #810e05;\r\n    }\r\n    .emd_dl_red_darker:hover {\r\n        background:-webkit-gradient( linear, left top, left bottom, color-stop(0.05, #c62d1f), color-stop(1, #f24537) );\r\n        background:-moz-linear-gradient( center top, #c62d1f 5%, #f24537 100% );\r\n        filter:progid:DXImageTransform.Microsoft.gradient(startColorstr='#c62d1f', endColorstr='#f24537');\r\n        background-color:#c62d1f;\r\n    }.emd_dl_red_darker:active {\r\n        position:relative;\r\n        top:1px;\r\n    }<\/style>\n[\/vc_column_text][\/vc_column][\/vc_row]<\/p>\n<\/div>","protected":false},"excerpt":{"rendered":"<p>[vc_row][vc_column][vc_column_text]Hier findet ihr unsere vertraglichen Konditionen. \u00a0 Preise Die Preise sind als ganzj\u00e4hriger Monatsbeitrag zu verstehen. Der Unterricht wird w\u00f6chentlich, au\u00dfer an gesetzlichen Feiertagen und den Schulferien des Landes Sachsen, erteilt. Einzelunterricht 30 Minuten 84 EUR monatlich45 Minuten 108 EUR monatlich60 Minuten 132 EUR monatlich Gruppenunterricht 30 Minuten 66 EUR monatlich45 Minuten 84 EUR monatlich60&hellip;<\/p>\n","protected":false},"author":1,"featured_media":0,"parent":0,"menu_order":0,"comment_status":"open","ping_status":"open","template":"","meta":{"footnotes":""},"class_list":["post-3389","page","type-page","status-publish","hentry","entry","no-media"],"_links":{"self":[{"href":"http:\/\/plugnplayschool.de\/index.php?rest_route=\/wp\/v2\/pages\/3389","targetHints":{"allow":["GET"]}}],"collection":[{"href":"http:\/\/plugnplayschool.de\/index.php?rest_route=\/wp\/v2\/pages"}],"about":[{"href":"http:\/\/plugnplayschool.de\/index.php?rest_route=\/wp\/v2\/types\/page"}],"author":[{"embeddable":true,"href":"http:\/\/plugnplayschool.de\/index.php?rest_route=\/wp\/v2\/users\/1"}],"replies":[{"embeddable":true,"href":"http:\/\/plugnplayschool.de\/index.php?rest_route=%2Fwp%2Fv2%2Fcomments&post=3389"}],"version-history":[{"count":43,"href":"http:\/\/plugnplayschool.de\/index.php?rest_route=\/wp\/v2\/pages\/3389\/revisions"}],"predecessor-version":[{"id":3960,"href":"http:\/\/plugnplayschool.de\/index.php?rest_route=\/wp\/v2\/pages\/3389\/revisions\/3960"}],"wp:attachment":[{"href":"http:\/\/plugnplayschool.de\/index.php?rest_route=%2Fwp%2Fv2%2Fmedia&parent=3389"}],"curies":[{"name":"wp","href":"https:\/\/api.w.org\/{rel}","templated":true}]}}